{"id":103,"date":"2021-12-11T18:23:10","date_gmt":"2021-12-11T18:23:10","guid":{"rendered":"http:\/\/playcun.com.mx\/?page_id=103"},"modified":"2022-01-05T16:23:36","modified_gmt":"2022-01-05T16:23:36","slug":"servicios","status":"publish","type":"page","link":"http:\/\/playcun.com.mx\/?page_id=103","title":{"rendered":"SERVICIOS"},"content":{"rendered":"\t\t<div data-elementor-type=\"wp-page\" data-elementor-id=\"103\" class=\"elementor elementor-103\" data-elementor-settings=\"[]\">\n\t\t\t\t\t\t\t<div class=\"elementor-section-wrap\">\n\t\t\t\t\t\t\t<section class=\"elementor-section elementor-top-section elementor-element elementor-element-49a1ca4d elementor-section-content-middle elementor-section-boxed elementor-section-height-default elementor-section-height-default\" data-id=\"49a1ca4d\" data-element_type=\"section\">\n\t\t\t\t\t\t<div class=\"elementor-container elementor-column-gap-no\">\n\t\t\t\t\t<div class=\"elementor-column elementor-col-100 elementor-top-column elementor-element elementor-element-37bfb010\" data-id=\"37bfb010\" data-element_type=\"column\">\n\t\t\t<div class=\"elementor-widget-wrap elementor-element-populated\">\n\t\t\t\t\t\t\t\t<div class=\"elementor-element elementor-element-3baca195 elementor-widget elementor-widget-heading\" data-id=\"3baca195\" data-element_type=\"widget\" data-widget_type=\"heading.default\">\n\t\t\t\t<div class=\"elementor-widget-container\">\n\t\t\t<h2 class=\"elementor-heading-title elementor-size-default\">Servicios<\/h2>\t\t<\/div>\n\t\t\t\t<\/div>\n\t\t\t\t<div class=\"elementor-element elementor-element-bc57d99 elementor-widget elementor-widget-text-editor\" data-id=\"bc57d99\" data-element_type=\"widget\" data-widget_type=\"text-editor.default\">\n\t\t\t\t<div class=\"elementor-widget-container\">\n\t\t\t\t\t\t\t<h4>Tus invitados se divertir\u00e1n como nunca con nuestros juegos interactivos.\u00a0<\/h4>\t\t\t\t\t\t<\/div>\n\t\t\t\t<\/div>\n\t\t\t\t<div class=\"elementor-element elementor-element-8c26e23 elementor-widget elementor-widget-heading\" data-id=\"8c26e23\" data-element_type=\"widget\" data-widget_type=\"heading.default\">\n\t\t\t\t<div class=\"elementor-widget-container\">\n\t\t\t<h2 class=\"elementor-heading-title elementor-size-default\">\u00bfQu\u00e9 incluye la renta de nuestros juegos interactivos?<\/h2>\t\t<\/div>\n\t\t\t\t<\/div>\n\t\t\t\t\t<\/div>\n\t\t<\/div>\n\t\t\t\t\t\t\t<\/div>\n\t\t<\/section>\n\t\t\t\t<section class=\"elementor-section elementor-top-section elementor-element elementor-element-61d4f03 elementor-section-boxed elementor-section-height-default elementor-section-height-default\" data-id=\"61d4f03\" data-element_type=\"section\">\n\t\t\t\t\t\t<div class=\"elementor-container elementor-column-gap-default\">\n\t\t\t\t\t<div class=\"elementor-column elementor-col-25 elementor-top-column elementor-element elementor-element-0bba077\" data-id=\"0bba077\" data-element_type=\"column\">\n\t\t\t<div class=\"elementor-widget-wrap elementor-element-populated\">\n\t\t\t\t\t\t\t\t<div class=\"elementor-element elementor-element-829b71b elementor-view-default elementor-widget elementor-widget-icon\" data-id=\"829b71b\" data-element_type=\"widget\" data-widget_type=\"icon.default\">\n\t\t\t\t<div class=\"elementor-widget-container\">\n\t\t\t\t\t<div class=\"elementor-icon-wrapper\">\n\t\t\t<div class=\"elementor-icon elementor-animation-shrink\">\n\t\t\t<i aria-hidden=\"true\" class=\"fas fa-people-carry\"><\/i>\t\t\t<\/div>\n\t\t<\/div>\n\t\t\t\t<\/div>\n\t\t\t\t<\/div>\n\t\t\t\t<div class=\"elementor-element elementor-element-3c4449f elementor-widget elementor-widget-heading\" data-id=\"3c4449f\" data-element_type=\"widget\" data-widget_type=\"heading.default\">\n\t\t\t\t<div class=\"elementor-widget-container\">\n\t\t\t<h2 class=\"elementor-heading-title elementor-size-large\">Entrega<\/h2>\t\t<\/div>\n\t\t\t\t<\/div>\n\t\t\t\t\t<\/div>\n\t\t<\/div>\n\t\t\t\t<div class=\"elementor-column elementor-col-25 elementor-top-column elementor-element elementor-element-cbce56f\" data-id=\"cbce56f\" data-element_type=\"column\">\n\t\t\t<div class=\"elementor-widget-wrap elementor-element-populated\">\n\t\t\t\t\t\t\t\t<div class=\"elementor-element elementor-element-aa67f06 elementor-view-default elementor-widget elementor-widget-icon\" data-id=\"aa67f06\" data-element_type=\"widget\" data-widget_type=\"icon.default\">\n\t\t\t\t<div class=\"elementor-widget-container\">\n\t\t\t\t\t<div class=\"elementor-icon-wrapper\">\n\t\t\t<div class=\"elementor-icon elementor-animation-shrink\">\n\t\t\t<i aria-hidden=\"true\" class=\"fas fa-air-freshener\"><\/i>\t\t\t<\/div>\n\t\t<\/div>\n\t\t\t\t<\/div>\n\t\t\t\t<\/div>\n\t\t\t\t<div class=\"elementor-element elementor-element-953b166 elementor-widget elementor-widget-heading\" data-id=\"953b166\" data-element_type=\"widget\" data-widget_type=\"heading.default\">\n\t\t\t\t<div class=\"elementor-widget-container\">\n\t\t\t<h2 class=\"elementor-heading-title elementor-size-large\">Sanitizaci\u00f3n del juego<\/h2>\t\t<\/div>\n\t\t\t\t<\/div>\n\t\t\t\t\t<\/div>\n\t\t<\/div>\n\t\t\t\t<div class=\"elementor-column elementor-col-25 elementor-top-column elementor-element elementor-element-1ce58db\" data-id=\"1ce58db\" data-element_type=\"column\">\n\t\t\t<div class=\"elementor-widget-wrap elementor-element-populated\">\n\t\t\t\t\t\t\t\t<div class=\"elementor-element elementor-element-d5d2793 elementor-view-default elementor-widget elementor-widget-icon\" data-id=\"d5d2793\" data-element_type=\"widget\" data-widget_type=\"icon.default\">\n\t\t\t\t<div class=\"elementor-widget-container\">\n\t\t\t\t\t<div class=\"elementor-icon-wrapper\">\n\t\t\t<div class=\"elementor-icon elementor-animation-shrink\">\n\t\t\t<i aria-hidden=\"true\" class=\"fas fa-store\"><\/i>\t\t\t<\/div>\n\t\t<\/div>\n\t\t\t\t<\/div>\n\t\t\t\t<\/div>\n\t\t\t\t<div class=\"elementor-element elementor-element-001c1c6 elementor-widget elementor-widget-heading\" data-id=\"001c1c6\" data-element_type=\"widget\" data-widget_type=\"heading.default\">\n\t\t\t\t<div class=\"elementor-widget-container\">\n\t\t\t<h2 class=\"elementor-heading-title elementor-size-large\">Instalaci\u00f3n<\/h2>\t\t<\/div>\n\t\t\t\t<\/div>\n\t\t\t\t\t<\/div>\n\t\t<\/div>\n\t\t\t\t<div class=\"elementor-column elementor-col-25 elementor-top-column elementor-element elementor-element-484fdd3\" data-id=\"484fdd3\" data-element_type=\"column\">\n\t\t\t<div class=\"elementor-widget-wrap elementor-element-populated\">\n\t\t\t\t\t\t\t\t<div class=\"elementor-element elementor-element-eca2148 elementor-view-default elementor-widget elementor-widget-icon\" data-id=\"eca2148\" data-element_type=\"widget\" data-widget_type=\"icon.default\">\n\t\t\t\t<div class=\"elementor-widget-container\">\n\t\t\t\t\t<div class=\"elementor-icon-wrapper\">\n\t\t\t<div class=\"elementor-icon elementor-animation-shrink\">\n\t\t\t<i aria-hidden=\"true\" class=\"fas fa-wrench\"><\/i>\t\t\t<\/div>\n\t\t<\/div>\n\t\t\t\t<\/div>\n\t\t\t\t<\/div>\n\t\t\t\t<div class=\"elementor-element elementor-element-3180a65 elementor-widget elementor-widget-heading\" data-id=\"3180a65\" data-element_type=\"widget\" data-widget_type=\"heading.default\">\n\t\t\t\t<div class=\"elementor-widget-container\">\n\t\t\t<h2 class=\"elementor-heading-title elementor-size-large\">Operaci\u00f3n<\/h2>\t\t<\/div>\n\t\t\t\t<\/div>\n\t\t\t\t\t<\/div>\n\t\t<\/div>\n\t\t\t\t\t\t\t<\/div>\n\t\t<\/section>\n\t\t\t\t<section class=\"elementor-section elementor-top-section elementor-element elementor-element-4bb3d5ab elementor-section-content-middle elementor-section-boxed elementor-section-height-default elementor-section-height-default\" data-id=\"4bb3d5ab\" data-element_type=\"section\" data-settings=\"{&quot;background_background&quot;:&quot;classic&quot;}\">\n\t\t\t\t\t\t\t<div class=\"elementor-background-overlay\"><\/div>\n\t\t\t\t\t\t\t<div class=\"elementor-container elementor-column-gap-no\">\n\t\t\t\t\t<div class=\"elementor-column elementor-col-50 elementor-top-column elementor-element elementor-element-320a4822\" data-id=\"320a4822\" data-element_type=\"column\">\n\t\t\t<div class=\"elementor-widget-wrap elementor-element-populated\">\n\t\t\t\t\t\t\t\t<div class=\"elementor-element elementor-element-c59aaef elementor-widget elementor-widget-heading\" data-id=\"c59aaef\" data-element_type=\"widget\" data-widget_type=\"heading.default\">\n\t\t\t\t<div class=\"elementor-widget-container\">\n\t\t\t<h2 class=\"elementor-heading-title elementor-size-default\">Pelota acu\u00e1tica<\/h2>\t\t<\/div>\n\t\t\t\t<\/div>\n\t\t\t\t<div class=\"elementor-element elementor-element-6a0e572 elementor-widget elementor-widget-text-editor\" data-id=\"6a0e572\" data-element_type=\"widget\" data-widget_type=\"text-editor.default\">\n\t\t\t\t<div class=\"elementor-widget-container\">\n\t\t\t\t\t\t\t<p><span style=\"font-weight: 400;\">\u00a1Qui\u00e9n no querr\u00e1 entrar a la pelota acu\u00e1tica! La mejor atracci\u00f3n para una pool party de lujo<\/span><\/p>\t\t\t\t\t\t<\/div>\n\t\t\t\t<\/div>\n\t\t\t\t<div class=\"elementor-element elementor-element-347025eb elementor-widget elementor-widget-image\" data-id=\"347025eb\" data-element_type=\"widget\" data-widget_type=\"image.default\">\n\t\t\t\t<div class=\"elementor-widget-container\">\n\t\t\t\t\t\t\t\t\t\t\t\t\t\t\t<img loading=\"lazy\" decoding=\"async\" width=\"768\" height=\"768\" src=\"http:\/\/playcun.com.mx\/wp-content\/uploads\/2021\/12\/web-servicios-1-768x768.png\" class=\"elementor-animation-grow attachment-medium_large size-medium_large\" alt=\"\" srcset=\"http:\/\/playcun.com.mx\/wp-content\/uploads\/2021\/12\/web-servicios-1-768x768.png 768w, http:\/\/playcun.com.mx\/wp-content\/uploads\/2021\/12\/web-servicios-1-300x300.png 300w, http:\/\/playcun.com.mx\/wp-content\/uploads\/2021\/12\/web-servicios-1-150x150.png 150w, http:\/\/playcun.com.mx\/wp-content\/uploads\/2021\/12\/web-servicios-1.png 1024w\" sizes=\"auto, (max-width: 768px) 100vw, 768px\" \/>\t\t\t\t\t\t\t\t\t\t\t\t\t\t\t<\/div>\n\t\t\t\t<\/div>\n\t\t\t\t\t<\/div>\n\t\t<\/div>\n\t\t\t\t<div class=\"elementor-column elementor-col-50 elementor-top-column elementor-element elementor-element-2c5255d7\" data-id=\"2c5255d7\" data-element_type=\"column\">\n\t\t\t<div class=\"elementor-widget-wrap elementor-element-populated\">\n\t\t\t\t\t\t\t\t<div class=\"elementor-element elementor-element-b38fd6b elementor-widget elementor-widget-image\" data-id=\"b38fd6b\" data-element_type=\"widget\" data-widget_type=\"image.default\">\n\t\t\t\t<div class=\"elementor-widget-container\">\n\t\t\t\t\t\t\t\t\t\t\t\t\t\t\t<img loading=\"lazy\" decoding=\"async\" width=\"768\" height=\"768\" src=\"http:\/\/playcun.com.mx\/wp-content\/uploads\/2021\/12\/web-servicios-2-768x768.png\" class=\"elementor-animation-grow attachment-medium_large size-medium_large\" alt=\"\" srcset=\"http:\/\/playcun.com.mx\/wp-content\/uploads\/2021\/12\/web-servicios-2-768x768.png 768w, http:\/\/playcun.com.mx\/wp-content\/uploads\/2021\/12\/web-servicios-2-300x300.png 300w, http:\/\/playcun.com.mx\/wp-content\/uploads\/2021\/12\/web-servicios-2-150x150.png 150w, http:\/\/playcun.com.mx\/wp-content\/uploads\/2021\/12\/web-servicios-2.png 1024w\" sizes=\"auto, (max-width: 768px) 100vw, 768px\" \/>\t\t\t\t\t\t\t\t\t\t\t\t\t\t\t<\/div>\n\t\t\t\t<\/div>\n\t\t\t\t<div class=\"elementor-element elementor-element-134c191 elementor-widget elementor-widget-heading\" data-id=\"134c191\" data-element_type=\"widget\" data-widget_type=\"heading.default\">\n\t\t\t\t<div class=\"elementor-widget-container\">\n\t\t\t<h2 class=\"elementor-heading-title elementor-size-default\">M\u00e1quina de palomitas<\/h2>\t\t<\/div>\n\t\t\t\t<\/div>\n\t\t\t\t<div class=\"elementor-element elementor-element-16c19c9b elementor-widget elementor-widget-text-editor\" data-id=\"16c19c9b\" data-element_type=\"widget\" data-widget_type=\"text-editor.default\">\n\t\t\t\t<div class=\"elementor-widget-container\">\n\t\t\t\t\t\t\t<p><span style=\"font-weight: 400;\">Una fiesta no es una fiesta sin que tus invitados disfruten unas ricas palomitas como snack<\/span><\/p>\t\t\t\t\t\t<\/div>\n\t\t\t\t<\/div>\n\t\t\t\t\t<\/div>\n\t\t<\/div>\n\t\t\t\t\t\t\t<\/div>\n\t\t<\/section>\n\t\t\t\t<section class=\"elementor-section elementor-top-section elementor-element elementor-element-16a9530 elementor-section-boxed elementor-section-height-default elementor-section-height-default\" data-id=\"16a9530\" data-element_type=\"section\" data-settings=\"{&quot;background_background&quot;:&quot;classic&quot;}\">\n\t\t\t\t\t\t<div class=\"elementor-container elementor-column-gap-no\">\n\t\t\t\t\t<div class=\"elementor-column elementor-col-50 elementor-top-column elementor-element elementor-element-c264f0d\" data-id=\"c264f0d\" data-element_type=\"column\">\n\t\t\t<div class=\"elementor-widget-wrap elementor-element-populated\">\n\t\t\t\t\t\t\t\t<div class=\"elementor-element elementor-element-366023c elementor-widget elementor-widget-heading\" data-id=\"366023c\" data-element_type=\"widget\" data-widget_type=\"heading.default\">\n\t\t\t\t<div class=\"elementor-widget-container\">\n\t\t\t<h2 class=\"elementor-heading-title elementor-size-default\">Ca\u00f1\u00f3n de espuma<\/h2>\t\t<\/div>\n\t\t\t\t<\/div>\n\t\t\t\t<div class=\"elementor-element elementor-element-d262644 elementor-widget elementor-widget-text-editor\" data-id=\"d262644\" data-element_type=\"widget\" data-widget_type=\"text-editor.default\">\n\t\t\t\t<div class=\"elementor-widget-container\">\n\t\t\t\t\t\t\t<p><span style=\"font-weight: 400;\">Dale a tus invitados una fiesta diferente con nuestro ca\u00f1\u00f3n de espuma. \u00a1No hay l\u00edmite de edad para la diversi\u00f3n!<\/span><\/p>\t\t\t\t\t\t<\/div>\n\t\t\t\t<\/div>\n\t\t\t\t<div class=\"elementor-element elementor-element-7198f12 elementor-widget elementor-widget-image\" data-id=\"7198f12\" data-element_type=\"widget\" data-widget_type=\"image.default\">\n\t\t\t\t<div class=\"elementor-widget-container\">\n\t\t\t\t\t\t\t\t\t\t\t\t\t\t\t<img loading=\"lazy\" decoding=\"async\" width=\"768\" height=\"768\" src=\"http:\/\/playcun.com.mx\/wp-content\/uploads\/2021\/12\/web-servicios-4-768x768.png\" class=\"elementor-animation-grow attachment-medium_large size-medium_large\" alt=\"\" srcset=\"http:\/\/playcun.com.mx\/wp-content\/uploads\/2021\/12\/web-servicios-4-768x768.png 768w, http:\/\/playcun.com.mx\/wp-content\/uploads\/2021\/12\/web-servicios-4-300x300.png 300w, http:\/\/playcun.com.mx\/wp-content\/uploads\/2021\/12\/web-servicios-4-150x150.png 150w, http:\/\/playcun.com.mx\/wp-content\/uploads\/2021\/12\/web-servicios-4.png 1024w\" sizes=\"auto, (max-width: 768px) 100vw, 768px\" \/>\t\t\t\t\t\t\t\t\t\t\t\t\t\t\t<\/div>\n\t\t\t\t<\/div>\n\t\t\t\t\t<\/div>\n\t\t<\/div>\n\t\t\t\t<div class=\"elementor-column elementor-col-50 elementor-top-column elementor-element elementor-element-cca5f2d\" data-id=\"cca5f2d\" data-element_type=\"column\">\n\t\t\t<div class=\"elementor-widget-wrap elementor-element-populated\">\n\t\t\t\t\t\t\t\t<div class=\"elementor-element elementor-element-5ae7c7c elementor-widget elementor-widget-image\" data-id=\"5ae7c7c\" data-element_type=\"widget\" data-widget_type=\"image.default\">\n\t\t\t\t<div class=\"elementor-widget-container\">\n\t\t\t\t\t\t\t\t\t\t\t\t\t\t\t<img loading=\"lazy\" decoding=\"async\" width=\"768\" height=\"768\" src=\"http:\/\/playcun.com.mx\/wp-content\/uploads\/2021\/12\/web-servicios-5-768x768.png\" class=\"elementor-animation-grow attachment-medium_large size-medium_large\" alt=\"\" srcset=\"http:\/\/playcun.com.mx\/wp-content\/uploads\/2021\/12\/web-servicios-5-768x768.png 768w, http:\/\/playcun.com.mx\/wp-content\/uploads\/2021\/12\/web-servicios-5-300x300.png 300w, http:\/\/playcun.com.mx\/wp-content\/uploads\/2021\/12\/web-servicios-5-150x150.png 150w, http:\/\/playcun.com.mx\/wp-content\/uploads\/2021\/12\/web-servicios-5.png 1024w\" sizes=\"auto, (max-width: 768px) 100vw, 768px\" \/>\t\t\t\t\t\t\t\t\t\t\t\t\t\t\t<\/div>\n\t\t\t\t<\/div>\n\t\t\t\t<div class=\"elementor-element elementor-element-4fb523b elementor-widget elementor-widget-heading\" data-id=\"4fb523b\" data-element_type=\"widget\" data-widget_type=\"heading.default\">\n\t\t\t\t<div class=\"elementor-widget-container\">\n\t\t\t<h2 class=\"elementor-heading-title elementor-size-default\">Toro mec\u00e1nico<\/h2>\t\t<\/div>\n\t\t\t\t<\/div>\n\t\t\t\t<div class=\"elementor-element elementor-element-14557c0 elementor-widget elementor-widget-text-editor\" data-id=\"14557c0\" data-element_type=\"widget\" data-widget_type=\"text-editor.default\">\n\t\t\t\t<div class=\"elementor-widget-container\">\n\t\t\t\t\t\t\t<p><span style=\"font-weight: 400;\">\u00a1Un juego para toda la familia!<\/span><\/p>\t\t\t\t\t\t<\/div>\n\t\t\t\t<\/div>\n\t\t\t\t\t<\/div>\n\t\t<\/div>\n\t\t\t\t\t\t\t<\/div>\n\t\t<\/section>\n\t\t\t\t<section class=\"elementor-section elementor-top-section elementor-element elementor-element-7f9cf16 elementor-section-boxed elementor-section-height-default elementor-section-height-default\" data-id=\"7f9cf16\" data-element_type=\"section\" data-settings=\"{&quot;background_background&quot;:&quot;classic&quot;}\">\n\t\t\t\t\t\t<div class=\"elementor-container elementor-column-gap-no\">\n\t\t\t\t\t<div class=\"elementor-column elementor-col-50 elementor-top-column elementor-element elementor-element-26d2b4f\" data-id=\"26d2b4f\" data-element_type=\"column\">\n\t\t\t<div class=\"elementor-widget-wrap elementor-element-populated\">\n\t\t\t\t\t\t\t\t<div class=\"elementor-element elementor-element-281220e elementor-widget elementor-widget-heading\" data-id=\"281220e\" data-element_type=\"widget\" data-widget_type=\"heading.default\">\n\t\t\t\t<div class=\"elementor-widget-container\">\n\t\t\t<h2 class=\"elementor-heading-title elementor-size-default\">Carrito de marquesitas<br><\/h2>\t\t<\/div>\n\t\t\t\t<\/div>\n\t\t\t\t<div class=\"elementor-element elementor-element-4a30228 elementor-widget elementor-widget-text-editor\" data-id=\"4a30228\" data-element_type=\"widget\" data-widget_type=\"text-editor.default\">\n\t\t\t\t<div class=\"elementor-widget-container\">\n\t\t\t\t\t\t\t<p>\u00a1Ricas marquesitas para todo tipo de eventos!<\/p>\t\t\t\t\t\t<\/div>\n\t\t\t\t<\/div>\n\t\t\t\t<div class=\"elementor-element elementor-element-f289552 elementor-widget elementor-widget-image\" data-id=\"f289552\" data-element_type=\"widget\" data-widget_type=\"image.default\">\n\t\t\t\t<div class=\"elementor-widget-container\">\n\t\t\t\t\t\t\t\t\t\t\t\t\t\t\t<img loading=\"lazy\" decoding=\"async\" width=\"720\" height=\"720\" src=\"http:\/\/playcun.com.mx\/wp-content\/uploads\/2021\/12\/imagenes-pagina-playcun.png\" class=\"elementor-animation-grow attachment-large size-large\" alt=\"\" srcset=\"http:\/\/playcun.com.mx\/wp-content\/uploads\/2021\/12\/imagenes-pagina-playcun.png 720w, http:\/\/playcun.com.mx\/wp-content\/uploads\/2021\/12\/imagenes-pagina-playcun-300x300.png 300w, http:\/\/playcun.com.mx\/wp-content\/uploads\/2021\/12\/imagenes-pagina-playcun-150x150.png 150w\" sizes=\"auto, (max-width: 720px) 100vw, 720px\" \/>\t\t\t\t\t\t\t\t\t\t\t\t\t\t\t<\/div>\n\t\t\t\t<\/div>\n\t\t\t\t\t<\/div>\n\t\t<\/div>\n\t\t\t\t<div class=\"elementor-column elementor-col-50 elementor-top-column elementor-element elementor-element-c78be4f\" data-id=\"c78be4f\" data-element_type=\"column\">\n\t\t\t<div class=\"elementor-widget-wrap elementor-element-populated\">\n\t\t\t\t\t\t\t\t<div class=\"elementor-element elementor-element-821ae56 elementor-widget elementor-widget-image\" data-id=\"821ae56\" data-element_type=\"widget\" data-widget_type=\"image.default\">\n\t\t\t\t<div class=\"elementor-widget-container\">\n\t\t\t\t\t\t\t\t\t\t\t\t\t\t\t<img loading=\"lazy\" decoding=\"async\" width=\"768\" height=\"768\" src=\"http:\/\/playcun.com.mx\/wp-content\/uploads\/2021\/12\/web-servicios-3-768x768.png\" class=\"elementor-animation-grow attachment-medium_large size-medium_large\" alt=\"\" srcset=\"http:\/\/playcun.com.mx\/wp-content\/uploads\/2021\/12\/web-servicios-3-768x768.png 768w, http:\/\/playcun.com.mx\/wp-content\/uploads\/2021\/12\/web-servicios-3-300x300.png 300w, http:\/\/playcun.com.mx\/wp-content\/uploads\/2021\/12\/web-servicios-3-150x150.png 150w, http:\/\/playcun.com.mx\/wp-content\/uploads\/2021\/12\/web-servicios-3.png 1024w\" sizes=\"auto, (max-width: 768px) 100vw, 768px\" \/>\t\t\t\t\t\t\t\t\t\t\t\t\t\t\t<\/div>\n\t\t\t\t<\/div>\n\t\t\t\t<div class=\"elementor-element elementor-element-3cbb60f elementor-widget elementor-widget-heading\" data-id=\"3cbb60f\" data-element_type=\"widget\" data-widget_type=\"heading.default\">\n\t\t\t\t<div class=\"elementor-widget-container\">\n\t\t\t<h2 class=\"elementor-heading-title elementor-size-default\">Bungee<\/h2>\t\t<\/div>\n\t\t\t\t<\/div>\n\t\t\t\t<div class=\"elementor-element elementor-element-61720bb elementor-widget elementor-widget-text-editor\" data-id=\"61720bb\" data-element_type=\"widget\" data-widget_type=\"text-editor.default\">\n\t\t\t\t<div class=\"elementor-widget-container\">\n\t\t\t\t\t\t\t<p><span style=\"color: #7a7a7a;\">Diversi\u00f3n extrema para ni\u00f1os y adultos.<\/span><\/p>\t\t\t\t\t\t<\/div>\n\t\t\t\t<\/div>\n\t\t\t\t\t<\/div>\n\t\t<\/div>\n\t\t\t\t\t\t\t<\/div>\n\t\t<\/section>\n\t\t\t\t<section class=\"elementor-section elementor-top-section elementor-element elementor-element-fd81bed elementor-section-boxed elementor-section-height-default elementor-section-height-default\" data-id=\"fd81bed\" data-element_type=\"section\">\n\t\t\t\t\t\t<div class=\"elementor-container elementor-column-gap-default\">\n\t\t\t\t\t<div class=\"elementor-column elementor-col-100 elementor-top-column elementor-element elementor-element-3845905\" data-id=\"3845905\" data-element_type=\"column\">\n\t\t\t<div class=\"elementor-widget-wrap elementor-element-populated\">\n\t\t\t\t\t\t\t\t<div class=\"elementor-element elementor-element-897102b elementor-widget elementor-widget-heading\" data-id=\"897102b\" data-element_type=\"widget\" data-widget_type=\"heading.default\">\n\t\t\t\t<div class=\"elementor-widget-container\">\n\t\t\t<h2 class=\"elementor-heading-title elementor-size-default\">Jenga gigante<\/h2>\t\t<\/div>\n\t\t\t\t<\/div>\n\t\t\t\t<div class=\"elementor-element elementor-element-d5b6a0c elementor-widget elementor-widget-text-editor\" data-id=\"d5b6a0c\" data-element_type=\"widget\" data-widget_type=\"text-editor.default\">\n\t\t\t\t<div class=\"elementor-widget-container\">\n\t\t\t\t\t\t\t<p>M\u00e1s extremo que nunca.<\/p>\t\t\t\t\t\t<\/div>\n\t\t\t\t<\/div>\n\t\t\t\t<div class=\"elementor-element elementor-element-3373ced elementor-widget elementor-widget-image\" data-id=\"3373ced\" data-element_type=\"widget\" data-widget_type=\"image.default\">\n\t\t\t\t<div class=\"elementor-widget-container\">\n\t\t\t\t\t\t\t\t\t\t\t\t\t\t\t<img decoding=\"async\" src=\"http:\/\/playcun.com.mx\/wp-content\/uploads\/elementor\/thumbs\/imagenes-pagina-playcun-1-pib6m2kd9j1dr2dc0ydywxr9mpjt0mv89pu9l4wxag.png\" title=\"imagenes pagina playcun (1)\" alt=\"imagenes pagina playcun (1)\" class=\"elementor-animation-grow\" \/>\t\t\t\t\t\t\t\t\t\t\t\t\t\t\t<\/div>\n\t\t\t\t<\/div>\n\t\t\t\t\t<\/div>\n\t\t<\/div>\n\t\t\t\t\t\t\t<\/div>\n\t\t<\/section>\n\t\t\t\t\t\t<\/div>\n\t\t\t\t\t<\/div>\n\t\t","protected":false},"excerpt":{"rendered":"<p>Servicios Tus invitados se divertir\u00e1n como nunca con nuestros juegos interactivos.\u00a0 \u00bfQu\u00e9 incluye la renta de nuestros juegos interactivos? Entrega Sanitizaci\u00f3n del juego Instalaci\u00f3n Operaci\u00f3n Pelota acu\u00e1tica \u00a1Qui\u00e9n no querr\u00e1 entrar a la pelota acu\u00e1tica! La mejor atracci\u00f3n para una pool party de lujo M\u00e1quina de palomitas Una fiesta no es una fiesta sin que &hellip;<\/p>\n<p class=\"read-more\"> <a class=\"\" href=\"http:\/\/playcun.com.mx\/?page_id=103\"> <span class=\"screen-reader-text\">SERVICIOS<\/span> Leer m\u00e1s &raquo;<\/a><\/p>\n","protected":false},"author":1,"featured_media":0,"parent":0,"menu_order":0,"comment_status":"closed","ping_status":"closed","template":"","meta":{"site-sidebar-layout":"no-sidebar","site-content-layout":"page-builder","ast-main-header-display":"","ast-hfb-above-header-display":"","ast-hfb-below-header-display":"","ast-hfb-mobile-header-display":"","site-post-title":"disabled","ast-breadcrumbs-content":"","ast-featured-img":"disabled","footer-sml-layout":"","theme-transparent-header-meta":"","adv-header-id-meta":"","stick-header-meta":"","header-above-stick-meta":"","header-main-stick-meta":"","header-below-stick-meta":"","footnotes":""},"class_list":["post-103","page","type-page","status-publish","hentry"],"_links":{"self":[{"href":"http:\/\/playcun.com.mx\/index.php?rest_route=\/wp\/v2\/pages\/103","targetHints":{"allow":["GET"]}}],"collection":[{"href":"http:\/\/playcun.com.mx\/index.php?rest_route=\/wp\/v2\/pages"}],"about":[{"href":"http:\/\/playcun.com.mx\/index.php?rest_route=\/wp\/v2\/types\/page"}],"author":[{"embeddable":true,"href":"http:\/\/playcun.com.mx\/index.php?rest_route=\/wp\/v2\/users\/1"}],"replies":[{"embeddable":true,"href":"http:\/\/playcun.com.mx\/index.php?rest_route=%2Fwp%2Fv2%2Fcomments&post=103"}],"version-history":[{"count":103,"href":"http:\/\/playcun.com.mx\/index.php?rest_route=\/wp\/v2\/pages\/103\/revisions"}],"predecessor-version":[{"id":338,"href":"http:\/\/playcun.com.mx\/index.php?rest_route=\/wp\/v2\/pages\/103\/revisions\/338"}],"wp:attachment":[{"href":"http:\/\/playcun.com.mx\/index.php?rest_route=%2Fwp%2Fv2%2Fmedia&parent=103"}],"curies":[{"name":"wp","href":"https:\/\/api.w.org\/{rel}","templated":true}]}}